{"id":325,"date":"2025-05-23T12:07:11","date_gmt":"2025-05-23T10:07:11","guid":{"rendered":"https:\/\/guinguettepaysanne.com\/?post_type=product&#038;p=325"},"modified":"2025-06-02T12:13:13","modified_gmt":"2025-06-02T10:13:13","slug":"la-ptiot","status":"publish","type":"product","link":"https:\/\/guinguettepaysanne.com\/index.php\/produit\/la-ptiot\/","title":{"rendered":"La P\u2019tiot"},"content":{"rendered":"<p>Une pizza toute en simplicit\u00e9, pens\u00e9e pour plaire aux petits comme aux grands. Sur une base de sauce tomate l\u00e9g\u00e8rement acidul\u00e9e, la mozzarella fondante accueille de g\u00e9n\u00e9reuses tranches de jambon blanc. Des saveurs douces et r\u00e9confortantes qui font de cette pizza un vrai classique.<br data-start=\"441\" data-end=\"444\" \/><strong data-start=\"444\" data-end=\"468\">Cuite au feu de bois<\/strong>, elle r\u00e9v\u00e8le une p\u00e2te fine, dor\u00e9e et savoureuse, parfaite pour une pause gourmande et rassurante.<\/p>\n","protected":false},"excerpt":{"rendered":"<p data-start=\"603\" data-end=\"716\">Tomate, mozzarella et jambon blanc. Une pizza simple, fondante et cuite au feu de bois.<\/p>\n","protected":false},"featured_media":498,"template":"","meta":{"_et_pb_use_builder":"off","_et_pb_old_content":"Une pizza toute en simplicit\u00e9, pens\u00e9e pour plaire aux petits comme aux grands. Sur une base de sauce tomate l\u00e9g\u00e8rement acidul\u00e9e, la mozzarella fondante accueille de g\u00e9n\u00e9reuses tranches de jambon blanc. Des saveurs douces et r\u00e9confortantes qui font de cette pizza un vrai classique.<br data-start=\"441\" data-end=\"444\" \/><strong data-start=\"444\" data-end=\"468\">Cuite au feu de bois<\/strong>, elle r\u00e9v\u00e8le une p\u00e2te fine, dor\u00e9e et savoureuse, parfaite pour une pause gourmande et rassurante.","_et_gb_content_width":""},"product_brand":[],"product_cat":[23],"product_tag":[29],"class_list":{"0":"post-325","1":"product","2":"type-product","3":"status-publish","4":"has-post-thumbnail","6":"product_cat-pizza","7":"product_tag-pizza","9":"first","10":"instock","11":"taxable","12":"shipping-taxable","13":"purchasable","14":"product-type-simple"},"yoast_head":"<!-- This site is optimized with the Yoast SEO plugin v27.4 - https:\/\/yoast.com\/product\/yoast-seo-wordpress\/ -->\n<title>La P\u2019tiot - Guinguette Paysanne<\/title>\n<meta name=\"robots\" content=\"index, follow, max-snippet:-1, max-image-preview:large, max-video-preview:-1\" \/>\n<link rel=\"canonical\" href=\"https:\/\/guinguettepaysanne.com\/index.php\/produit\/la-ptiot\/\" \/>\n<meta property=\"og:locale\" content=\"fr_FR\" \/>\n<meta property=\"og:type\" content=\"article\" \/>\n<meta property=\"og:title\" content=\"La P\u2019tiot - Guinguette Paysanne\" \/>\n<meta property=\"og:description\" content=\"Tomate, mozzarella et jambon blanc. Une pizza simple, fondante et cuite au feu de bois.\" \/>\n<meta property=\"og:url\" content=\"https:\/\/guinguettepaysanne.com\/index.php\/produit\/la-ptiot\/\" \/>\n<meta property=\"og:site_name\" content=\"Guinguette Paysanne\" \/>\n<meta property=\"article:modified_time\" content=\"2025-06-02T10:13:13+00:00\" \/>\n<meta property=\"og:image\" content=\"https:\/\/guinguettepaysanne.com\/wp-content\/uploads\/2025\/05\/ChatGPT-Image-2-juin-2025-12_11_52.png\" \/>\n\t<meta property=\"og:image:width\" content=\"1024\" \/>\n\t<meta property=\"og:image:height\" content=\"1024\" \/>\n\t<meta property=\"og:image:type\" content=\"image\/png\" \/>\n<meta name=\"twitter:card\" content=\"summary_large_image\" \/>\n<meta name=\"twitter:label1\" content=\"Dur\u00e9e de lecture estim\u00e9e\" \/>\n\t<meta name=\"twitter:data1\" content=\"1 minute\" \/>\n<script type=\"application\/ld+json\" class=\"yoast-schema-graph\">{\"@context\":\"https:\\\/\\\/schema.org\",\"@graph\":[{\"@type\":\"WebPage\",\"@id\":\"https:\\\/\\\/guinguettepaysanne.com\\\/index.php\\\/produit\\\/la-ptiot\\\/\",\"url\":\"https:\\\/\\\/guinguettepaysanne.com\\\/index.php\\\/produit\\\/la-ptiot\\\/\",\"name\":\"La P\u2019tiot - Guinguette Paysanne\",\"isPartOf\":{\"@id\":\"https:\\\/\\\/guinguettepaysanne.com\\\/#website\"},\"primaryImageOfPage\":{\"@id\":\"https:\\\/\\\/guinguettepaysanne.com\\\/index.php\\\/produit\\\/la-ptiot\\\/#primaryimage\"},\"image\":{\"@id\":\"https:\\\/\\\/guinguettepaysanne.com\\\/index.php\\\/produit\\\/la-ptiot\\\/#primaryimage\"},\"thumbnailUrl\":\"https:\\\/\\\/guinguettepaysanne.com\\\/wp-content\\\/uploads\\\/2025\\\/05\\\/ChatGPT-Image-2-juin-2025-12_11_52.png\",\"datePublished\":\"2025-05-23T10:07:11+00:00\",\"dateModified\":\"2025-06-02T10:13:13+00:00\",\"breadcrumb\":{\"@id\":\"https:\\\/\\\/guinguettepaysanne.com\\\/index.php\\\/produit\\\/la-ptiot\\\/#breadcrumb\"},\"inLanguage\":\"fr-FR\",\"potentialAction\":[{\"@type\":\"ReadAction\",\"target\":[\"https:\\\/\\\/guinguettepaysanne.com\\\/index.php\\\/produit\\\/la-ptiot\\\/\"]}]},{\"@type\":\"ImageObject\",\"inLanguage\":\"fr-FR\",\"@id\":\"https:\\\/\\\/guinguettepaysanne.com\\\/index.php\\\/produit\\\/la-ptiot\\\/#primaryimage\",\"url\":\"https:\\\/\\\/guinguettepaysanne.com\\\/wp-content\\\/uploads\\\/2025\\\/05\\\/ChatGPT-Image-2-juin-2025-12_11_52.png\",\"contentUrl\":\"https:\\\/\\\/guinguettepaysanne.com\\\/wp-content\\\/uploads\\\/2025\\\/05\\\/ChatGPT-Image-2-juin-2025-12_11_52.png\",\"width\":1024,\"height\":1024,\"caption\":\"La Ptiot\"},{\"@type\":\"BreadcrumbList\",\"@id\":\"https:\\\/\\\/guinguettepaysanne.com\\\/index.php\\\/produit\\\/la-ptiot\\\/#breadcrumb\",\"itemListElement\":[{\"@type\":\"ListItem\",\"position\":1,\"name\":\"Accueil\",\"item\":\"https:\\\/\\\/guinguettepaysanne.com\\\/\"},{\"@type\":\"ListItem\",\"position\":2,\"name\":\"Menu\",\"item\":\"https:\\\/\\\/guinguettepaysanne.com\\\/index.php\\\/menu\\\/\"},{\"@type\":\"ListItem\",\"position\":3,\"name\":\"La P\u2019tiot\"}]},{\"@type\":\"WebSite\",\"@id\":\"https:\\\/\\\/guinguettepaysanne.com\\\/#website\",\"url\":\"https:\\\/\\\/guinguettepaysanne.com\\\/\",\"name\":\"Guinguette Paysanne\",\"description\":\"\",\"potentialAction\":[{\"@type\":\"SearchAction\",\"target\":{\"@type\":\"EntryPoint\",\"urlTemplate\":\"https:\\\/\\\/guinguettepaysanne.com\\\/?s={search_term_string}\"},\"query-input\":{\"@type\":\"PropertyValueSpecification\",\"valueRequired\":true,\"valueName\":\"search_term_string\"}}],\"inLanguage\":\"fr-FR\"}]}<\/script>\n<!-- \/ Yoast SEO plugin. -->","yoast_head_json":{"title":"La P\u2019tiot - Guinguette Paysanne","robots":{"index":"index","follow":"follow","max-snippet":"max-snippet:-1","max-image-preview":"max-image-preview:large","max-video-preview":"max-video-preview:-1"},"canonical":"https:\/\/guinguettepaysanne.com\/index.php\/produit\/la-ptiot\/","og_locale":"fr_FR","og_type":"article","og_title":"La P\u2019tiot - Guinguette Paysanne","og_description":"Tomate, mozzarella et jambon blanc. Une pizza simple, fondante et cuite au feu de bois.","og_url":"https:\/\/guinguettepaysanne.com\/index.php\/produit\/la-ptiot\/","og_site_name":"Guinguette Paysanne","article_modified_time":"2025-06-02T10:13:13+00:00","og_image":[{"width":1024,"height":1024,"url":"https:\/\/guinguettepaysanne.com\/wp-content\/uploads\/2025\/05\/ChatGPT-Image-2-juin-2025-12_11_52.png","type":"image\/png"}],"twitter_card":"summary_large_image","twitter_misc":{"Dur\u00e9e de lecture estim\u00e9e":"1 minute"},"schema":{"@context":"https:\/\/schema.org","@graph":[{"@type":"WebPage","@id":"https:\/\/guinguettepaysanne.com\/index.php\/produit\/la-ptiot\/","url":"https:\/\/guinguettepaysanne.com\/index.php\/produit\/la-ptiot\/","name":"La P\u2019tiot - Guinguette Paysanne","isPartOf":{"@id":"https:\/\/guinguettepaysanne.com\/#website"},"primaryImageOfPage":{"@id":"https:\/\/guinguettepaysanne.com\/index.php\/produit\/la-ptiot\/#primaryimage"},"image":{"@id":"https:\/\/guinguettepaysanne.com\/index.php\/produit\/la-ptiot\/#primaryimage"},"thumbnailUrl":"https:\/\/guinguettepaysanne.com\/wp-content\/uploads\/2025\/05\/ChatGPT-Image-2-juin-2025-12_11_52.png","datePublished":"2025-05-23T10:07:11+00:00","dateModified":"2025-06-02T10:13:13+00:00","breadcrumb":{"@id":"https:\/\/guinguettepaysanne.com\/index.php\/produit\/la-ptiot\/#breadcrumb"},"inLanguage":"fr-FR","potentialAction":[{"@type":"ReadAction","target":["https:\/\/guinguettepaysanne.com\/index.php\/produit\/la-ptiot\/"]}]},{"@type":"ImageObject","inLanguage":"fr-FR","@id":"https:\/\/guinguettepaysanne.com\/index.php\/produit\/la-ptiot\/#primaryimage","url":"https:\/\/guinguettepaysanne.com\/wp-content\/uploads\/2025\/05\/ChatGPT-Image-2-juin-2025-12_11_52.png","contentUrl":"https:\/\/guinguettepaysanne.com\/wp-content\/uploads\/2025\/05\/ChatGPT-Image-2-juin-2025-12_11_52.png","width":1024,"height":1024,"caption":"La Ptiot"},{"@type":"BreadcrumbList","@id":"https:\/\/guinguettepaysanne.com\/index.php\/produit\/la-ptiot\/#breadcrumb","itemListElement":[{"@type":"ListItem","position":1,"name":"Accueil","item":"https:\/\/guinguettepaysanne.com\/"},{"@type":"ListItem","position":2,"name":"Menu","item":"https:\/\/guinguettepaysanne.com\/index.php\/menu\/"},{"@type":"ListItem","position":3,"name":"La P\u2019tiot"}]},{"@type":"WebSite","@id":"https:\/\/guinguettepaysanne.com\/#website","url":"https:\/\/guinguettepaysanne.com\/","name":"Guinguette Paysanne","description":"","potentialAction":[{"@type":"SearchAction","target":{"@type":"EntryPoint","urlTemplate":"https:\/\/guinguettepaysanne.com\/?s={search_term_string}"},"query-input":{"@type":"PropertyValueSpecification","valueRequired":true,"valueName":"search_term_string"}}],"inLanguage":"fr-FR"}]}},"jetpack_sharing_enabled":true,"_links":{"self":[{"href":"https:\/\/guinguettepaysanne.com\/index.php\/wp-json\/wp\/v2\/product\/325","targetHints":{"allow":["GET"]}}],"collection":[{"href":"https:\/\/guinguettepaysanne.com\/index.php\/wp-json\/wp\/v2\/product"}],"about":[{"href":"https:\/\/guinguettepaysanne.com\/index.php\/wp-json\/wp\/v2\/types\/product"}],"wp:featuredmedia":[{"embeddable":true,"href":"https:\/\/guinguettepaysanne.com\/index.php\/wp-json\/wp\/v2\/media\/498"}],"wp:attachment":[{"href":"https:\/\/guinguettepaysanne.com\/index.php\/wp-json\/wp\/v2\/media?parent=325"}],"wp:term":[{"taxonomy":"product_brand","embeddable":true,"href":"https:\/\/guinguettepaysanne.com\/index.php\/wp-json\/wp\/v2\/product_brand?post=325"},{"taxonomy":"product_cat","embeddable":true,"href":"https:\/\/guinguettepaysanne.com\/index.php\/wp-json\/wp\/v2\/product_cat?post=325"},{"taxonomy":"product_tag","embeddable":true,"href":"https:\/\/guinguettepaysanne.com\/index.php\/wp-json\/wp\/v2\/product_tag?post=325"}],"curies":[{"name":"wp","href":"https:\/\/api.w.org\/{rel}","templated":true}]}}