{"id":324,"date":"2025-05-23T12:05:45","date_gmt":"2025-05-23T10:05:45","guid":{"rendered":"https:\/\/guinguettepaysanne.com\/?post_type=product&#038;p=324"},"modified":"2025-06-02T12:28:44","modified_gmt":"2025-06-02T10:28:44","slug":"la-sybelle","status":"publish","type":"product","link":"https:\/\/guinguettepaysanne.com\/index.php\/produit\/la-sybelle\/","title":{"rendered":"La Sybelle"},"content":{"rendered":"<p data-start=\"135\" data-end=\"617\">Une pizza fine et d\u00e9licate, aux accents marins et frais. Sur une base cr\u00e8me l\u00e9g\u00e8re, la mozzarella fond \u00e0 la perfection sous la chaleur du feu de bois. Elle est garnie de saumon sauvage, d\u2019oignons frais l\u00e9g\u00e8rement confits et de ciboulette cisel\u00e9e pour une touche herbac\u00e9e. Un filet de jus de citron vient sublimer le tout avec une note acidul\u00e9e.<br data-start=\"506\" data-end=\"509\" \/><strong data-start=\"509\" data-end=\"533\">Cuite au feu de bois<\/strong>, cette pizza offre un parfait \u00e9quilibre entre onctuosit\u00e9, fra\u00eecheur et raffinement.<\/p>\n","protected":false},"excerpt":{"rendered":"<p>Cr\u00e8me, mozzarella, saumon sauvage, oignons frais, ciboulette et citron. Une pizza fra\u00eeche et raffin\u00e9e, cuite au feu de bois.<\/p>\n","protected":false},"featured_media":500,"template":"","meta":{"_et_pb_use_builder":"","_et_pb_old_content":"","_et_gb_content_width":""},"product_brand":[],"product_cat":[23],"product_tag":[29],"class_list":{"0":"post-324","1":"product","2":"type-product","3":"status-publish","4":"has-post-thumbnail","6":"product_cat-pizza","7":"product_tag-pizza","9":"first","10":"instock","11":"taxable","12":"shipping-taxable","13":"purchasable","14":"product-type-simple"},"yoast_head":"<!-- This site is optimized with the Yoast SEO plugin v27.4 - https:\/\/yoast.com\/product\/yoast-seo-wordpress\/ -->\n<title>La Sybelle - Guinguette Paysanne<\/title>\n<meta name=\"robots\" content=\"index, follow, max-snippet:-1, max-image-preview:large, max-video-preview:-1\" \/>\n<link rel=\"canonical\" href=\"https:\/\/guinguettepaysanne.com\/index.php\/produit\/la-sybelle\/\" \/>\n<meta property=\"og:locale\" content=\"fr_FR\" \/>\n<meta property=\"og:type\" content=\"article\" \/>\n<meta property=\"og:title\" content=\"La Sybelle - Guinguette Paysanne\" \/>\n<meta property=\"og:description\" content=\"Cr\u00e8me, mozzarella, saumon sauvage, oignons frais, ciboulette et citron. Une pizza fra\u00eeche et raffin\u00e9e, cuite au feu de bois.\" \/>\n<meta property=\"og:url\" content=\"https:\/\/guinguettepaysanne.com\/index.php\/produit\/la-sybelle\/\" \/>\n<meta property=\"og:site_name\" content=\"Guinguette Paysanne\" \/>\n<meta property=\"article:modified_time\" content=\"2025-06-02T10:28:44+00:00\" \/>\n<meta property=\"og:image\" content=\"https:\/\/guinguettepaysanne.com\/wp-content\/uploads\/2025\/05\/ChatGPT-Image-2-juin-2025-12_27_51.png\" \/>\n\t<meta property=\"og:image:width\" content=\"1024\" \/>\n\t<meta property=\"og:image:height\" content=\"1024\" \/>\n\t<meta property=\"og:image:type\" content=\"image\/png\" \/>\n<meta name=\"twitter:card\" content=\"summary_large_image\" \/>\n<meta name=\"twitter:label1\" content=\"Dur\u00e9e de lecture estim\u00e9e\" \/>\n\t<meta name=\"twitter:data1\" content=\"1 minute\" \/>\n<script type=\"application\/ld+json\" class=\"yoast-schema-graph\">{\"@context\":\"https:\\\/\\\/schema.org\",\"@graph\":[{\"@type\":\"WebPage\",\"@id\":\"https:\\\/\\\/guinguettepaysanne.com\\\/index.php\\\/produit\\\/la-sybelle\\\/\",\"url\":\"https:\\\/\\\/guinguettepaysanne.com\\\/index.php\\\/produit\\\/la-sybelle\\\/\",\"name\":\"La Sybelle - Guinguette Paysanne\",\"isPartOf\":{\"@id\":\"https:\\\/\\\/guinguettepaysanne.com\\\/#website\"},\"primaryImageOfPage\":{\"@id\":\"https:\\\/\\\/guinguettepaysanne.com\\\/index.php\\\/produit\\\/la-sybelle\\\/#primaryimage\"},\"image\":{\"@id\":\"https:\\\/\\\/guinguettepaysanne.com\\\/index.php\\\/produit\\\/la-sybelle\\\/#primaryimage\"},\"thumbnailUrl\":\"https:\\\/\\\/guinguettepaysanne.com\\\/wp-content\\\/uploads\\\/2025\\\/05\\\/ChatGPT-Image-2-juin-2025-12_27_51.png\",\"datePublished\":\"2025-05-23T10:05:45+00:00\",\"dateModified\":\"2025-06-02T10:28:44+00:00\",\"breadcrumb\":{\"@id\":\"https:\\\/\\\/guinguettepaysanne.com\\\/index.php\\\/produit\\\/la-sybelle\\\/#breadcrumb\"},\"inLanguage\":\"fr-FR\",\"potentialAction\":[{\"@type\":\"ReadAction\",\"target\":[\"https:\\\/\\\/guinguettepaysanne.com\\\/index.php\\\/produit\\\/la-sybelle\\\/\"]}]},{\"@type\":\"ImageObject\",\"inLanguage\":\"fr-FR\",\"@id\":\"https:\\\/\\\/guinguettepaysanne.com\\\/index.php\\\/produit\\\/la-sybelle\\\/#primaryimage\",\"url\":\"https:\\\/\\\/guinguettepaysanne.com\\\/wp-content\\\/uploads\\\/2025\\\/05\\\/ChatGPT-Image-2-juin-2025-12_27_51.png\",\"contentUrl\":\"https:\\\/\\\/guinguettepaysanne.com\\\/wp-content\\\/uploads\\\/2025\\\/05\\\/ChatGPT-Image-2-juin-2025-12_27_51.png\",\"width\":1024,\"height\":1024,\"caption\":\"La Sybelle\"},{\"@type\":\"BreadcrumbList\",\"@id\":\"https:\\\/\\\/guinguettepaysanne.com\\\/index.php\\\/produit\\\/la-sybelle\\\/#breadcrumb\",\"itemListElement\":[{\"@type\":\"ListItem\",\"position\":1,\"name\":\"Accueil\",\"item\":\"https:\\\/\\\/guinguettepaysanne.com\\\/\"},{\"@type\":\"ListItem\",\"position\":2,\"name\":\"Menu\",\"item\":\"https:\\\/\\\/guinguettepaysanne.com\\\/index.php\\\/menu\\\/\"},{\"@type\":\"ListItem\",\"position\":3,\"name\":\"La Sybelle\"}]},{\"@type\":\"WebSite\",\"@id\":\"https:\\\/\\\/guinguettepaysanne.com\\\/#website\",\"url\":\"https:\\\/\\\/guinguettepaysanne.com\\\/\",\"name\":\"Guinguette Paysanne\",\"description\":\"\",\"potentialAction\":[{\"@type\":\"SearchAction\",\"target\":{\"@type\":\"EntryPoint\",\"urlTemplate\":\"https:\\\/\\\/guinguettepaysanne.com\\\/?s={search_term_string}\"},\"query-input\":{\"@type\":\"PropertyValueSpecification\",\"valueRequired\":true,\"valueName\":\"search_term_string\"}}],\"inLanguage\":\"fr-FR\"}]}<\/script>\n<!-- \/ Yoast SEO plugin. -->","yoast_head_json":{"title":"La Sybelle - Guinguette Paysanne","robots":{"index":"index","follow":"follow","max-snippet":"max-snippet:-1","max-image-preview":"max-image-preview:large","max-video-preview":"max-video-preview:-1"},"canonical":"https:\/\/guinguettepaysanne.com\/index.php\/produit\/la-sybelle\/","og_locale":"fr_FR","og_type":"article","og_title":"La Sybelle - Guinguette Paysanne","og_description":"Cr\u00e8me, mozzarella, saumon sauvage, oignons frais, ciboulette et citron. Une pizza fra\u00eeche et raffin\u00e9e, cuite au feu de bois.","og_url":"https:\/\/guinguettepaysanne.com\/index.php\/produit\/la-sybelle\/","og_site_name":"Guinguette Paysanne","article_modified_time":"2025-06-02T10:28:44+00:00","og_image":[{"width":1024,"height":1024,"url":"https:\/\/guinguettepaysanne.com\/wp-content\/uploads\/2025\/05\/ChatGPT-Image-2-juin-2025-12_27_51.png","type":"image\/png"}],"twitter_card":"summary_large_image","twitter_misc":{"Dur\u00e9e de lecture estim\u00e9e":"1 minute"},"schema":{"@context":"https:\/\/schema.org","@graph":[{"@type":"WebPage","@id":"https:\/\/guinguettepaysanne.com\/index.php\/produit\/la-sybelle\/","url":"https:\/\/guinguettepaysanne.com\/index.php\/produit\/la-sybelle\/","name":"La Sybelle - Guinguette Paysanne","isPartOf":{"@id":"https:\/\/guinguettepaysanne.com\/#website"},"primaryImageOfPage":{"@id":"https:\/\/guinguettepaysanne.com\/index.php\/produit\/la-sybelle\/#primaryimage"},"image":{"@id":"https:\/\/guinguettepaysanne.com\/index.php\/produit\/la-sybelle\/#primaryimage"},"thumbnailUrl":"https:\/\/guinguettepaysanne.com\/wp-content\/uploads\/2025\/05\/ChatGPT-Image-2-juin-2025-12_27_51.png","datePublished":"2025-05-23T10:05:45+00:00","dateModified":"2025-06-02T10:28:44+00:00","breadcrumb":{"@id":"https:\/\/guinguettepaysanne.com\/index.php\/produit\/la-sybelle\/#breadcrumb"},"inLanguage":"fr-FR","potentialAction":[{"@type":"ReadAction","target":["https:\/\/guinguettepaysanne.com\/index.php\/produit\/la-sybelle\/"]}]},{"@type":"ImageObject","inLanguage":"fr-FR","@id":"https:\/\/guinguettepaysanne.com\/index.php\/produit\/la-sybelle\/#primaryimage","url":"https:\/\/guinguettepaysanne.com\/wp-content\/uploads\/2025\/05\/ChatGPT-Image-2-juin-2025-12_27_51.png","contentUrl":"https:\/\/guinguettepaysanne.com\/wp-content\/uploads\/2025\/05\/ChatGPT-Image-2-juin-2025-12_27_51.png","width":1024,"height":1024,"caption":"La Sybelle"},{"@type":"BreadcrumbList","@id":"https:\/\/guinguettepaysanne.com\/index.php\/produit\/la-sybelle\/#breadcrumb","itemListElement":[{"@type":"ListItem","position":1,"name":"Accueil","item":"https:\/\/guinguettepaysanne.com\/"},{"@type":"ListItem","position":2,"name":"Menu","item":"https:\/\/guinguettepaysanne.com\/index.php\/menu\/"},{"@type":"ListItem","position":3,"name":"La Sybelle"}]},{"@type":"WebSite","@id":"https:\/\/guinguettepaysanne.com\/#website","url":"https:\/\/guinguettepaysanne.com\/","name":"Guinguette Paysanne","description":"","potentialAction":[{"@type":"SearchAction","target":{"@type":"EntryPoint","urlTemplate":"https:\/\/guinguettepaysanne.com\/?s={search_term_string}"},"query-input":{"@type":"PropertyValueSpecification","valueRequired":true,"valueName":"search_term_string"}}],"inLanguage":"fr-FR"}]}},"jetpack_sharing_enabled":true,"_links":{"self":[{"href":"https:\/\/guinguettepaysanne.com\/index.php\/wp-json\/wp\/v2\/product\/324","targetHints":{"allow":["GET"]}}],"collection":[{"href":"https:\/\/guinguettepaysanne.com\/index.php\/wp-json\/wp\/v2\/product"}],"about":[{"href":"https:\/\/guinguettepaysanne.com\/index.php\/wp-json\/wp\/v2\/types\/product"}],"wp:featuredmedia":[{"embeddable":true,"href":"https:\/\/guinguettepaysanne.com\/index.php\/wp-json\/wp\/v2\/media\/500"}],"wp:attachment":[{"href":"https:\/\/guinguettepaysanne.com\/index.php\/wp-json\/wp\/v2\/media?parent=324"}],"wp:term":[{"taxonomy":"product_brand","embeddable":true,"href":"https:\/\/guinguettepaysanne.com\/index.php\/wp-json\/wp\/v2\/product_brand?post=324"},{"taxonomy":"product_cat","embeddable":true,"href":"https:\/\/guinguettepaysanne.com\/index.php\/wp-json\/wp\/v2\/product_cat?post=324"},{"taxonomy":"product_tag","embeddable":true,"href":"https:\/\/guinguettepaysanne.com\/index.php\/wp-json\/wp\/v2\/product_tag?post=324"}],"curies":[{"name":"wp","href":"https:\/\/api.w.org\/{rel}","templated":true}]}}