{"id":323,"date":"2025-05-23T12:04:13","date_gmt":"2025-05-23T10:04:13","guid":{"rendered":"https:\/\/guinguettepaysanne.com\/?post_type=product&#038;p=323"},"modified":"2025-06-02T12:02:31","modified_gmt":"2025-06-02T10:02:31","slug":"la-paysanne","status":"publish","type":"product","link":"https:\/\/guinguettepaysanne.com\/index.php\/produit\/la-paysanne\/","title":{"rendered":"La Paysanne"},"content":{"rendered":"<p>Une pizza rustique et r\u00e9confortante aux saveurs de terroir. Sur une base onctueuse de cr\u00e8me, la mozzarella s\u2019associe au fondant des pommes de terre et au croustillant des lardons. La mizotte, fromage vend\u00e9en au go\u00fbt franc, vient enrichir cette composition g\u00e9n\u00e9reuse, relev\u00e9e d\u2019une touche d\u2019origan frais.<br data-start=\"467\" data-end=\"470\" \/><strong data-start=\"470\" data-end=\"494\">Cuite au feu de bois<\/strong>, elle d\u00e9voile une p\u00e2te dor\u00e9e et l\u00e9g\u00e8rement fum\u00e9e, parfaite pour les amateurs de recettes authentiques et gourmandes.<\/p>\n","protected":false},"excerpt":{"rendered":"<p>Cr\u00e8me, mozzarella, pomme de terre, lardons, mizotte et origan frais. Une pizza campagnarde et savoureuse, cuite au feu de bois.<\/p>\n","protected":false},"featured_media":492,"template":"","meta":{"_et_pb_use_builder":"","_et_pb_old_content":"","_et_gb_content_width":""},"product_brand":[],"product_cat":[23],"product_tag":[29],"class_list":{"0":"post-323","1":"product","2":"type-product","3":"status-publish","4":"has-post-thumbnail","6":"product_cat-pizza","7":"product_tag-pizza","9":"first","10":"instock","11":"taxable","12":"shipping-taxable","13":"purchasable","14":"product-type-simple"},"yoast_head":"<!-- This site is optimized with the Yoast SEO plugin v27.4 - https:\/\/yoast.com\/product\/yoast-seo-wordpress\/ -->\n<title>La Paysanne - Guinguette Paysanne<\/title>\n<meta name=\"robots\" content=\"index, follow, max-snippet:-1, max-image-preview:large, max-video-preview:-1\" \/>\n<link rel=\"canonical\" href=\"https:\/\/guinguettepaysanne.com\/index.php\/produit\/la-paysanne\/\" \/>\n<meta property=\"og:locale\" content=\"fr_FR\" \/>\n<meta property=\"og:type\" content=\"article\" \/>\n<meta property=\"og:title\" content=\"La Paysanne - Guinguette Paysanne\" \/>\n<meta property=\"og:description\" content=\"Cr\u00e8me, mozzarella, pomme de terre, lardons, mizotte et origan frais. Une pizza campagnarde et savoureuse, cuite au feu de bois.\" \/>\n<meta property=\"og:url\" content=\"https:\/\/guinguettepaysanne.com\/index.php\/produit\/la-paysanne\/\" \/>\n<meta property=\"og:site_name\" content=\"Guinguette Paysanne\" \/>\n<meta property=\"article:modified_time\" content=\"2025-06-02T10:02:31+00:00\" \/>\n<meta property=\"og:image\" content=\"https:\/\/guinguettepaysanne.com\/wp-content\/uploads\/2025\/06\/Capture-decran-2025-06-02-a-11.52.34-1024x1004.png\" \/>\n\t<meta property=\"og:image:width\" content=\"1024\" \/>\n\t<meta property=\"og:image:height\" content=\"1004\" \/>\n\t<meta property=\"og:image:type\" content=\"image\/png\" \/>\n<meta name=\"twitter:card\" content=\"summary_large_image\" \/>\n<meta name=\"twitter:label1\" content=\"Dur\u00e9e de lecture estim\u00e9e\" \/>\n\t<meta name=\"twitter:data1\" content=\"1 minute\" \/>\n<script type=\"application\/ld+json\" class=\"yoast-schema-graph\">{\"@context\":\"https:\\\/\\\/schema.org\",\"@graph\":[{\"@type\":\"WebPage\",\"@id\":\"https:\\\/\\\/guinguettepaysanne.com\\\/index.php\\\/produit\\\/la-paysanne\\\/\",\"url\":\"https:\\\/\\\/guinguettepaysanne.com\\\/index.php\\\/produit\\\/la-paysanne\\\/\",\"name\":\"La Paysanne - Guinguette Paysanne\",\"isPartOf\":{\"@id\":\"https:\\\/\\\/guinguettepaysanne.com\\\/#website\"},\"primaryImageOfPage\":{\"@id\":\"https:\\\/\\\/guinguettepaysanne.com\\\/index.php\\\/produit\\\/la-paysanne\\\/#primaryimage\"},\"image\":{\"@id\":\"https:\\\/\\\/guinguettepaysanne.com\\\/index.php\\\/produit\\\/la-paysanne\\\/#primaryimage\"},\"thumbnailUrl\":\"https:\\\/\\\/guinguettepaysanne.com\\\/wp-content\\\/uploads\\\/2025\\\/06\\\/Capture-decran-2025-06-02-a-11.52.34.png\",\"datePublished\":\"2025-05-23T10:04:13+00:00\",\"dateModified\":\"2025-06-02T10:02:31+00:00\",\"breadcrumb\":{\"@id\":\"https:\\\/\\\/guinguettepaysanne.com\\\/index.php\\\/produit\\\/la-paysanne\\\/#breadcrumb\"},\"inLanguage\":\"fr-FR\",\"potentialAction\":[{\"@type\":\"ReadAction\",\"target\":[\"https:\\\/\\\/guinguettepaysanne.com\\\/index.php\\\/produit\\\/la-paysanne\\\/\"]}]},{\"@type\":\"ImageObject\",\"inLanguage\":\"fr-FR\",\"@id\":\"https:\\\/\\\/guinguettepaysanne.com\\\/index.php\\\/produit\\\/la-paysanne\\\/#primaryimage\",\"url\":\"https:\\\/\\\/guinguettepaysanne.com\\\/wp-content\\\/uploads\\\/2025\\\/06\\\/Capture-decran-2025-06-02-a-11.52.34.png\",\"contentUrl\":\"https:\\\/\\\/guinguettepaysanne.com\\\/wp-content\\\/uploads\\\/2025\\\/06\\\/Capture-decran-2025-06-02-a-11.52.34.png\",\"width\":1506,\"height\":1476},{\"@type\":\"BreadcrumbList\",\"@id\":\"https:\\\/\\\/guinguettepaysanne.com\\\/index.php\\\/produit\\\/la-paysanne\\\/#breadcrumb\",\"itemListElement\":[{\"@type\":\"ListItem\",\"position\":1,\"name\":\"Accueil\",\"item\":\"https:\\\/\\\/guinguettepaysanne.com\\\/\"},{\"@type\":\"ListItem\",\"position\":2,\"name\":\"Menu\",\"item\":\"https:\\\/\\\/guinguettepaysanne.com\\\/index.php\\\/menu\\\/\"},{\"@type\":\"ListItem\",\"position\":3,\"name\":\"La Paysanne\"}]},{\"@type\":\"WebSite\",\"@id\":\"https:\\\/\\\/guinguettepaysanne.com\\\/#website\",\"url\":\"https:\\\/\\\/guinguettepaysanne.com\\\/\",\"name\":\"Guinguette Paysanne\",\"description\":\"\",\"potentialAction\":[{\"@type\":\"SearchAction\",\"target\":{\"@type\":\"EntryPoint\",\"urlTemplate\":\"https:\\\/\\\/guinguettepaysanne.com\\\/?s={search_term_string}\"},\"query-input\":{\"@type\":\"PropertyValueSpecification\",\"valueRequired\":true,\"valueName\":\"search_term_string\"}}],\"inLanguage\":\"fr-FR\"}]}<\/script>\n<!-- \/ Yoast SEO plugin. -->","yoast_head_json":{"title":"La Paysanne - Guinguette Paysanne","robots":{"index":"index","follow":"follow","max-snippet":"max-snippet:-1","max-image-preview":"max-image-preview:large","max-video-preview":"max-video-preview:-1"},"canonical":"https:\/\/guinguettepaysanne.com\/index.php\/produit\/la-paysanne\/","og_locale":"fr_FR","og_type":"article","og_title":"La Paysanne - Guinguette Paysanne","og_description":"Cr\u00e8me, mozzarella, pomme de terre, lardons, mizotte et origan frais. Une pizza campagnarde et savoureuse, cuite au feu de bois.","og_url":"https:\/\/guinguettepaysanne.com\/index.php\/produit\/la-paysanne\/","og_site_name":"Guinguette Paysanne","article_modified_time":"2025-06-02T10:02:31+00:00","og_image":[{"width":1024,"height":1004,"url":"https:\/\/guinguettepaysanne.com\/wp-content\/uploads\/2025\/06\/Capture-decran-2025-06-02-a-11.52.34-1024x1004.png","type":"image\/png"}],"twitter_card":"summary_large_image","twitter_misc":{"Dur\u00e9e de lecture estim\u00e9e":"1 minute"},"schema":{"@context":"https:\/\/schema.org","@graph":[{"@type":"WebPage","@id":"https:\/\/guinguettepaysanne.com\/index.php\/produit\/la-paysanne\/","url":"https:\/\/guinguettepaysanne.com\/index.php\/produit\/la-paysanne\/","name":"La Paysanne - Guinguette Paysanne","isPartOf":{"@id":"https:\/\/guinguettepaysanne.com\/#website"},"primaryImageOfPage":{"@id":"https:\/\/guinguettepaysanne.com\/index.php\/produit\/la-paysanne\/#primaryimage"},"image":{"@id":"https:\/\/guinguettepaysanne.com\/index.php\/produit\/la-paysanne\/#primaryimage"},"thumbnailUrl":"https:\/\/guinguettepaysanne.com\/wp-content\/uploads\/2025\/06\/Capture-decran-2025-06-02-a-11.52.34.png","datePublished":"2025-05-23T10:04:13+00:00","dateModified":"2025-06-02T10:02:31+00:00","breadcrumb":{"@id":"https:\/\/guinguettepaysanne.com\/index.php\/produit\/la-paysanne\/#breadcrumb"},"inLanguage":"fr-FR","potentialAction":[{"@type":"ReadAction","target":["https:\/\/guinguettepaysanne.com\/index.php\/produit\/la-paysanne\/"]}]},{"@type":"ImageObject","inLanguage":"fr-FR","@id":"https:\/\/guinguettepaysanne.com\/index.php\/produit\/la-paysanne\/#primaryimage","url":"https:\/\/guinguettepaysanne.com\/wp-content\/uploads\/2025\/06\/Capture-decran-2025-06-02-a-11.52.34.png","contentUrl":"https:\/\/guinguettepaysanne.com\/wp-content\/uploads\/2025\/06\/Capture-decran-2025-06-02-a-11.52.34.png","width":1506,"height":1476},{"@type":"BreadcrumbList","@id":"https:\/\/guinguettepaysanne.com\/index.php\/produit\/la-paysanne\/#breadcrumb","itemListElement":[{"@type":"ListItem","position":1,"name":"Accueil","item":"https:\/\/guinguettepaysanne.com\/"},{"@type":"ListItem","position":2,"name":"Menu","item":"https:\/\/guinguettepaysanne.com\/index.php\/menu\/"},{"@type":"ListItem","position":3,"name":"La Paysanne"}]},{"@type":"WebSite","@id":"https:\/\/guinguettepaysanne.com\/#website","url":"https:\/\/guinguettepaysanne.com\/","name":"Guinguette Paysanne","description":"","potentialAction":[{"@type":"SearchAction","target":{"@type":"EntryPoint","urlTemplate":"https:\/\/guinguettepaysanne.com\/?s={search_term_string}"},"query-input":{"@type":"PropertyValueSpecification","valueRequired":true,"valueName":"search_term_string"}}],"inLanguage":"fr-FR"}]}},"jetpack_sharing_enabled":true,"_links":{"self":[{"href":"https:\/\/guinguettepaysanne.com\/index.php\/wp-json\/wp\/v2\/product\/323","targetHints":{"allow":["GET"]}}],"collection":[{"href":"https:\/\/guinguettepaysanne.com\/index.php\/wp-json\/wp\/v2\/product"}],"about":[{"href":"https:\/\/guinguettepaysanne.com\/index.php\/wp-json\/wp\/v2\/types\/product"}],"wp:featuredmedia":[{"embeddable":true,"href":"https:\/\/guinguettepaysanne.com\/index.php\/wp-json\/wp\/v2\/media\/492"}],"wp:attachment":[{"href":"https:\/\/guinguettepaysanne.com\/index.php\/wp-json\/wp\/v2\/media?parent=323"}],"wp:term":[{"taxonomy":"product_brand","embeddable":true,"href":"https:\/\/guinguettepaysanne.com\/index.php\/wp-json\/wp\/v2\/product_brand?post=323"},{"taxonomy":"product_cat","embeddable":true,"href":"https:\/\/guinguettepaysanne.com\/index.php\/wp-json\/wp\/v2\/product_cat?post=323"},{"taxonomy":"product_tag","embeddable":true,"href":"https:\/\/guinguettepaysanne.com\/index.php\/wp-json\/wp\/v2\/product_tag?post=323"}],"curies":[{"name":"wp","href":"https:\/\/api.w.org\/{rel}","templated":true}]}}