{"id":319,"date":"2025-05-23T11:58:22","date_gmt":"2025-05-23T09:58:22","guid":{"rendered":"https:\/\/guinguettepaysanne.com\/?post_type=product&#038;p=319"},"modified":"2025-06-02T12:05:17","modified_gmt":"2025-06-02T10:05:17","slug":"la-curzonette","status":"publish","type":"product","link":"https:\/\/guinguettepaysanne.com\/index.php\/produit\/la-curzonette\/","title":{"rendered":"La Curzonette"},"content":{"rendered":"<p>Une recette simple et g\u00e9n\u00e9reuse qui met \u00e0 l\u2019honneur les saveurs authentiques de l\u2019Italie. Sur une base tomate savoureuse, se marient le moelleux du jambon blanc, la fra\u00eecheur des champignons et le fondant de la mozzarella. Relev\u00e9e d\u2019une pinc\u00e9e d\u2019origan frais pour une touche parfum\u00e9e.<br data-start=\"442\" data-end=\"445\" \/><strong data-start=\"445\" data-end=\"469\">Cuite au feu de bois<\/strong>, elle offre une p\u00e2te dor\u00e9e et croustillante, pour une exp\u00e9rience gustative r\u00e9confortante et authentique.<\/p>\n","protected":false},"excerpt":{"rendered":"<p>Jambon blanc, champignons et mozzarella sur fond tomate, relev\u00e9s d\u2019origan frais. Une pizza classique, savoureuse et cuite au feu de bois !<\/p>\n","protected":false},"featured_media":496,"template":"","meta":{"_et_pb_use_builder":"","_et_pb_old_content":"","_et_gb_content_width":""},"product_brand":[],"product_cat":[23],"product_tag":[29],"class_list":{"0":"post-319","1":"product","2":"type-product","3":"status-publish","4":"has-post-thumbnail","6":"product_cat-pizza","7":"product_tag-pizza","9":"first","10":"instock","11":"taxable","12":"shipping-taxable","13":"purchasable","14":"product-type-simple"},"yoast_head":"<!-- This site is optimized with the Yoast SEO plugin v27.4 - https:\/\/yoast.com\/product\/yoast-seo-wordpress\/ -->\n<title>La Curzonette - Guinguette Paysanne<\/title>\n<meta name=\"robots\" content=\"index, follow, max-snippet:-1, max-image-preview:large, max-video-preview:-1\" \/>\n<link rel=\"canonical\" href=\"https:\/\/guinguettepaysanne.com\/index.php\/produit\/la-curzonette\/\" \/>\n<meta property=\"og:locale\" content=\"fr_FR\" \/>\n<meta property=\"og:type\" content=\"article\" \/>\n<meta property=\"og:title\" content=\"La Curzonette - Guinguette Paysanne\" \/>\n<meta property=\"og:description\" content=\"Jambon blanc, champignons et mozzarella sur fond tomate, relev\u00e9s d\u2019origan frais. Une pizza classique, savoureuse et cuite au feu de bois !\" \/>\n<meta property=\"og:url\" content=\"https:\/\/guinguettepaysanne.com\/index.php\/produit\/la-curzonette\/\" \/>\n<meta property=\"og:site_name\" content=\"Guinguette Paysanne\" \/>\n<meta property=\"article:modified_time\" content=\"2025-06-02T10:05:17+00:00\" \/>\n<meta property=\"og:image\" content=\"https:\/\/guinguettepaysanne.com\/wp-content\/uploads\/2025\/05\/Capture-decran-2025-06-02-a-11.52.23-1017x1024.png\" \/>\n\t<meta property=\"og:image:width\" content=\"1017\" \/>\n\t<meta property=\"og:image:height\" content=\"1024\" \/>\n\t<meta property=\"og:image:type\" content=\"image\/png\" \/>\n<meta name=\"twitter:card\" content=\"summary_large_image\" \/>\n<meta name=\"twitter:label1\" content=\"Dur\u00e9e de lecture estim\u00e9e\" \/>\n\t<meta name=\"twitter:data1\" content=\"1 minute\" \/>\n<script type=\"application\/ld+json\" class=\"yoast-schema-graph\">{\"@context\":\"https:\\\/\\\/schema.org\",\"@graph\":[{\"@type\":\"WebPage\",\"@id\":\"https:\\\/\\\/guinguettepaysanne.com\\\/index.php\\\/produit\\\/la-curzonette\\\/\",\"url\":\"https:\\\/\\\/guinguettepaysanne.com\\\/index.php\\\/produit\\\/la-curzonette\\\/\",\"name\":\"La Curzonette - Guinguette Paysanne\",\"isPartOf\":{\"@id\":\"https:\\\/\\\/guinguettepaysanne.com\\\/#website\"},\"primaryImageOfPage\":{\"@id\":\"https:\\\/\\\/guinguettepaysanne.com\\\/index.php\\\/produit\\\/la-curzonette\\\/#primaryimage\"},\"image\":{\"@id\":\"https:\\\/\\\/guinguettepaysanne.com\\\/index.php\\\/produit\\\/la-curzonette\\\/#primaryimage\"},\"thumbnailUrl\":\"https:\\\/\\\/guinguettepaysanne.com\\\/wp-content\\\/uploads\\\/2025\\\/05\\\/Capture-decran-2025-06-02-a-11.52.23.png\",\"datePublished\":\"2025-05-23T09:58:22+00:00\",\"dateModified\":\"2025-06-02T10:05:17+00:00\",\"breadcrumb\":{\"@id\":\"https:\\\/\\\/guinguettepaysanne.com\\\/index.php\\\/produit\\\/la-curzonette\\\/#breadcrumb\"},\"inLanguage\":\"fr-FR\",\"potentialAction\":[{\"@type\":\"ReadAction\",\"target\":[\"https:\\\/\\\/guinguettepaysanne.com\\\/index.php\\\/produit\\\/la-curzonette\\\/\"]}]},{\"@type\":\"ImageObject\",\"inLanguage\":\"fr-FR\",\"@id\":\"https:\\\/\\\/guinguettepaysanne.com\\\/index.php\\\/produit\\\/la-curzonette\\\/#primaryimage\",\"url\":\"https:\\\/\\\/guinguettepaysanne.com\\\/wp-content\\\/uploads\\\/2025\\\/05\\\/Capture-decran-2025-06-02-a-11.52.23.png\",\"contentUrl\":\"https:\\\/\\\/guinguettepaysanne.com\\\/wp-content\\\/uploads\\\/2025\\\/05\\\/Capture-decran-2025-06-02-a-11.52.23.png\",\"width\":1496,\"height\":1506,\"caption\":\"La curzonette\"},{\"@type\":\"BreadcrumbList\",\"@id\":\"https:\\\/\\\/guinguettepaysanne.com\\\/index.php\\\/produit\\\/la-curzonette\\\/#breadcrumb\",\"itemListElement\":[{\"@type\":\"ListItem\",\"position\":1,\"name\":\"Accueil\",\"item\":\"https:\\\/\\\/guinguettepaysanne.com\\\/\"},{\"@type\":\"ListItem\",\"position\":2,\"name\":\"Menu\",\"item\":\"https:\\\/\\\/guinguettepaysanne.com\\\/index.php\\\/menu\\\/\"},{\"@type\":\"ListItem\",\"position\":3,\"name\":\"La Curzonette\"}]},{\"@type\":\"WebSite\",\"@id\":\"https:\\\/\\\/guinguettepaysanne.com\\\/#website\",\"url\":\"https:\\\/\\\/guinguettepaysanne.com\\\/\",\"name\":\"Guinguette Paysanne\",\"description\":\"\",\"potentialAction\":[{\"@type\":\"SearchAction\",\"target\":{\"@type\":\"EntryPoint\",\"urlTemplate\":\"https:\\\/\\\/guinguettepaysanne.com\\\/?s={search_term_string}\"},\"query-input\":{\"@type\":\"PropertyValueSpecification\",\"valueRequired\":true,\"valueName\":\"search_term_string\"}}],\"inLanguage\":\"fr-FR\"}]}<\/script>\n<!-- \/ Yoast SEO plugin. -->","yoast_head_json":{"title":"La Curzonette - Guinguette Paysanne","robots":{"index":"index","follow":"follow","max-snippet":"max-snippet:-1","max-image-preview":"max-image-preview:large","max-video-preview":"max-video-preview:-1"},"canonical":"https:\/\/guinguettepaysanne.com\/index.php\/produit\/la-curzonette\/","og_locale":"fr_FR","og_type":"article","og_title":"La Curzonette - Guinguette Paysanne","og_description":"Jambon blanc, champignons et mozzarella sur fond tomate, relev\u00e9s d\u2019origan frais. Une pizza classique, savoureuse et cuite au feu de bois !","og_url":"https:\/\/guinguettepaysanne.com\/index.php\/produit\/la-curzonette\/","og_site_name":"Guinguette Paysanne","article_modified_time":"2025-06-02T10:05:17+00:00","og_image":[{"width":1017,"height":1024,"url":"https:\/\/guinguettepaysanne.com\/wp-content\/uploads\/2025\/05\/Capture-decran-2025-06-02-a-11.52.23-1017x1024.png","type":"image\/png"}],"twitter_card":"summary_large_image","twitter_misc":{"Dur\u00e9e de lecture estim\u00e9e":"1 minute"},"schema":{"@context":"https:\/\/schema.org","@graph":[{"@type":"WebPage","@id":"https:\/\/guinguettepaysanne.com\/index.php\/produit\/la-curzonette\/","url":"https:\/\/guinguettepaysanne.com\/index.php\/produit\/la-curzonette\/","name":"La Curzonette - Guinguette Paysanne","isPartOf":{"@id":"https:\/\/guinguettepaysanne.com\/#website"},"primaryImageOfPage":{"@id":"https:\/\/guinguettepaysanne.com\/index.php\/produit\/la-curzonette\/#primaryimage"},"image":{"@id":"https:\/\/guinguettepaysanne.com\/index.php\/produit\/la-curzonette\/#primaryimage"},"thumbnailUrl":"https:\/\/guinguettepaysanne.com\/wp-content\/uploads\/2025\/05\/Capture-decran-2025-06-02-a-11.52.23.png","datePublished":"2025-05-23T09:58:22+00:00","dateModified":"2025-06-02T10:05:17+00:00","breadcrumb":{"@id":"https:\/\/guinguettepaysanne.com\/index.php\/produit\/la-curzonette\/#breadcrumb"},"inLanguage":"fr-FR","potentialAction":[{"@type":"ReadAction","target":["https:\/\/guinguettepaysanne.com\/index.php\/produit\/la-curzonette\/"]}]},{"@type":"ImageObject","inLanguage":"fr-FR","@id":"https:\/\/guinguettepaysanne.com\/index.php\/produit\/la-curzonette\/#primaryimage","url":"https:\/\/guinguettepaysanne.com\/wp-content\/uploads\/2025\/05\/Capture-decran-2025-06-02-a-11.52.23.png","contentUrl":"https:\/\/guinguettepaysanne.com\/wp-content\/uploads\/2025\/05\/Capture-decran-2025-06-02-a-11.52.23.png","width":1496,"height":1506,"caption":"La curzonette"},{"@type":"BreadcrumbList","@id":"https:\/\/guinguettepaysanne.com\/index.php\/produit\/la-curzonette\/#breadcrumb","itemListElement":[{"@type":"ListItem","position":1,"name":"Accueil","item":"https:\/\/guinguettepaysanne.com\/"},{"@type":"ListItem","position":2,"name":"Menu","item":"https:\/\/guinguettepaysanne.com\/index.php\/menu\/"},{"@type":"ListItem","position":3,"name":"La Curzonette"}]},{"@type":"WebSite","@id":"https:\/\/guinguettepaysanne.com\/#website","url":"https:\/\/guinguettepaysanne.com\/","name":"Guinguette Paysanne","description":"","potentialAction":[{"@type":"SearchAction","target":{"@type":"EntryPoint","urlTemplate":"https:\/\/guinguettepaysanne.com\/?s={search_term_string}"},"query-input":{"@type":"PropertyValueSpecification","valueRequired":true,"valueName":"search_term_string"}}],"inLanguage":"fr-FR"}]}},"jetpack_sharing_enabled":true,"_links":{"self":[{"href":"https:\/\/guinguettepaysanne.com\/index.php\/wp-json\/wp\/v2\/product\/319","targetHints":{"allow":["GET"]}}],"collection":[{"href":"https:\/\/guinguettepaysanne.com\/index.php\/wp-json\/wp\/v2\/product"}],"about":[{"href":"https:\/\/guinguettepaysanne.com\/index.php\/wp-json\/wp\/v2\/types\/product"}],"wp:featuredmedia":[{"embeddable":true,"href":"https:\/\/guinguettepaysanne.com\/index.php\/wp-json\/wp\/v2\/media\/496"}],"wp:attachment":[{"href":"https:\/\/guinguettepaysanne.com\/index.php\/wp-json\/wp\/v2\/media?parent=319"}],"wp:term":[{"taxonomy":"product_brand","embeddable":true,"href":"https:\/\/guinguettepaysanne.com\/index.php\/wp-json\/wp\/v2\/product_brand?post=319"},{"taxonomy":"product_cat","embeddable":true,"href":"https:\/\/guinguettepaysanne.com\/index.php\/wp-json\/wp\/v2\/product_cat?post=319"},{"taxonomy":"product_tag","embeddable":true,"href":"https:\/\/guinguettepaysanne.com\/index.php\/wp-json\/wp\/v2\/product_tag?post=319"}],"curies":[{"name":"wp","href":"https:\/\/api.w.org\/{rel}","templated":true}]}}