{"id":336,"date":"2025-05-23T16:38:55","date_gmt":"2025-05-23T14:38:55","guid":{"rendered":"https:\/\/guinguettepaysanne.com\/?page_id=336"},"modified":"2025-05-23T16:39:40","modified_gmt":"2025-05-23T14:39:40","slug":"politique-de-confidentialite","status":"publish","type":"page","link":"https:\/\/guinguettepaysanne.com\/index.php\/politique-de-confidentialite\/","title":{"rendered":"Politique de confidentialit\u00e9"},"content":{"rendered":"<p>[et_pb_section fb_built=\u00a0\u00bb1&Prime; theme_builder_area=\u00a0\u00bbpost_content\u00a0\u00bb _builder_version=\u00a0\u00bb4.23.2&Prime; _module_preset=\u00a0\u00bbdefault\u00a0\u00bb][et_pb_row _builder_version=\u00a0\u00bb4.23.2&Prime; _module_preset=\u00a0\u00bbdefault\u00a0\u00bb theme_builder_area=\u00a0\u00bbpost_content\u00a0\u00bb][et_pb_column _builder_version=\u00a0\u00bb4.23.2&Prime; _module_preset=\u00a0\u00bbdefault\u00a0\u00bb type=\u00a0\u00bb4_4&Prime; theme_builder_area=\u00a0\u00bbpost_content\u00a0\u00bb][et_pb_heading title=\u00a0\u00bbPolitique de confidentialit\u00e9\u00a0\u00bb _builder_version=\u00a0\u00bb4.23.2&Prime; _module_preset=\u00a0\u00bbdefault\u00a0\u00bb theme_builder_area=\u00a0\u00bbpost_content\u00a0\u00bb title_text_align=\u00a0\u00bbcenter\u00a0\u00bb hover_enabled=\u00a0\u00bb0&Prime; sticky_enabled=\u00a0\u00bb0&Prime;][\/et_pb_heading][\/et_pb_column][\/et_pb_row][et_pb_row _builder_version=\u00a0\u00bb4.23.2&Prime; _module_preset=\u00a0\u00bbdefault\u00a0\u00bb theme_builder_area=\u00a0\u00bbpost_content\u00a0\u00bb][et_pb_column _builder_version=\u00a0\u00bb4.23.2&Prime; _module_preset=\u00a0\u00bbdefault\u00a0\u00bb type=\u00a0\u00bb4_4&Prime; theme_builder_area=\u00a0\u00bbpost_content\u00a0\u00bb][et_pb_text _builder_version=\u00a0\u00bb4.23.2&Prime; _module_preset=\u00a0\u00bbdefault\u00a0\u00bb theme_builder_area=\u00a0\u00bbpost_content\u00a0\u00bb hover_enabled=\u00a0\u00bb0&Prime; sticky_enabled=\u00a0\u00bb0&Prime;]<\/p>\n<p data-start=\"404\" data-end=\"444\"><strong data-start=\"404\" data-end=\"444\">Derni\u00e8re mise \u00e0 jour : 23 Mai 2025<\/strong><\/p>\n<p data-start=\"446\" data-end=\"747\">La pr\u00e9sente politique de confidentialit\u00e9 vise \u00e0 vous informer de mani\u00e8re claire et transparente sur les donn\u00e9es personnelles que nous collectons via le site <a class=\"\" rel=\"noopener\" data-start=\"603\" data-end=\"667\" target=\"_new\" href=\"https:\/\/guinguettepaysanne.com\">https:\/\/guinguettepaysanne.com<\/a>, leur utilisation, leur dur\u00e9e de conservation et les droits dont vous disposez.<\/p>\n<hr data-start=\"749\" data-end=\"752\" \/>\n<h2 data-start=\"754\" data-end=\"797\">1. Identit\u00e9 du responsable de traitement<\/h2>\n<ul data-start=\"799\" data-end=\"1101\">\n<li data-start=\"799\" data-end=\"843\">\n<p data-start=\"801\" data-end=\"843\"><strong data-start=\"801\" data-end=\"819\">Raison sociale<\/strong> : GUINGUETTE PAYSANNE<\/p>\n<\/li>\n<li data-start=\"844\" data-end=\"874\">\n<p data-start=\"846\" data-end=\"874\"><strong data-start=\"846\" data-end=\"865\">Forme juridique<\/strong> : SASU<\/p>\n<\/li>\n<li data-start=\"875\" data-end=\"908\">\n<p data-start=\"877\" data-end=\"908\"><strong data-start=\"877\" data-end=\"886\">SIRET<\/strong> : 983 598 269 00014<\/p>\n<\/li>\n<li data-start=\"909\" data-end=\"972\">\n<p data-start=\"911\" data-end=\"972\"><strong data-start=\"911\" data-end=\"922\">Adresse<\/strong> : 8 rue de la Moutonnerie, 85540 Curzon, France<\/p>\n<\/li>\n<li data-start=\"973\" data-end=\"1022\">\n<p data-start=\"975\" data-end=\"1022\"><strong data-start=\"975\" data-end=\"1004\">Responsable du traitement<\/strong> : Tanguy Graton<\/p>\n<\/li>\n<li data-start=\"1023\" data-end=\"1068\">\n<p data-start=\"1025\" data-end=\"1068\"><strong data-start=\"1025\" data-end=\"1035\">E-mail<\/strong> : <a data-start=\"1038\" data-end=\"1066\" class=\"cursor-pointer\" rel=\"noopener\">guinguettepaysanne@gmail.com<\/a><\/p>\n<\/li>\n<li data-start=\"1069\" data-end=\"1101\">\n<p data-start=\"1071\" data-end=\"1101\"><strong data-start=\"1071\" data-end=\"1084\">T\u00e9l\u00e9phone<\/strong> : 06 32 14 79 86<\/p>\n<\/li>\n<\/ul>\n<hr data-start=\"1103\" data-end=\"1106\" \/>\n<h2 data-start=\"1108\" data-end=\"1132\">2. Donn\u00e9es collect\u00e9es<\/h2>\n<p data-start=\"1134\" data-end=\"1173\">Nous collectons les donn\u00e9es suivantes :<\/p>\n<h3 data-start=\"1175\" data-end=\"1220\">a) Via la boutique en ligne (WooCommerce)<\/h3>\n<ul data-start=\"1221\" data-end=\"1399\">\n<li data-start=\"1221\" data-end=\"1236\">\n<p data-start=\"1223\" data-end=\"1236\">Nom, pr\u00e9nom<\/p>\n<\/li>\n<li data-start=\"1237\" data-end=\"1255\">\n<p data-start=\"1239\" data-end=\"1255\">Adresse e-mail<\/p>\n<\/li>\n<li data-start=\"1256\" data-end=\"1298\">\n<p data-start=\"1258\" data-end=\"1298\">Adresse de facturation et de livraison<\/p>\n<\/li>\n<li data-start=\"1299\" data-end=\"1322\">\n<p data-start=\"1301\" data-end=\"1322\">Num\u00e9ro de t\u00e9l\u00e9phone<\/p>\n<\/li>\n<li data-start=\"1323\" data-end=\"1372\">\n<p data-start=\"1325\" data-end=\"1372\">Produits command\u00e9s, montant, mode de paiement<\/p>\n<\/li>\n<li data-start=\"1373\" data-end=\"1399\">\n<p data-start=\"1375\" data-end=\"1399\">Historique des commandes<\/p>\n<\/li>\n<\/ul>\n<p data-start=\"1401\" data-end=\"1568\"><strong data-start=\"1401\" data-end=\"1486\">Nous ne collectons ni ne stockons directement vos informations de carte bancaire.<\/strong> Les paiements sont trait\u00e9s par des prestataires s\u00e9curis\u00e9s (Stripe, PayPal, etc.).<\/p>\n<h3 data-start=\"1570\" data-end=\"1605\">b) Via le formulaire de contact<\/h3>\n<ul data-start=\"1606\" data-end=\"1656\">\n<li data-start=\"1606\" data-end=\"1621\">\n<p data-start=\"1608\" data-end=\"1621\">Nom, pr\u00e9nom<\/p>\n<\/li>\n<li data-start=\"1622\" data-end=\"1640\">\n<p data-start=\"1624\" data-end=\"1640\">Adresse e-mail<\/p>\n<\/li>\n<li data-start=\"1641\" data-end=\"1656\">\n<p data-start=\"1643\" data-end=\"1656\">Message libre<\/p>\n<\/li>\n<\/ul>\n<h3 data-start=\"1658\" data-end=\"1687\">c) Navigation sur le site<\/h3>\n<ul data-start=\"1688\" data-end=\"1841\">\n<li data-start=\"1688\" data-end=\"1702\">\n<p data-start=\"1690\" data-end=\"1702\">Adresse IP<\/p>\n<\/li>\n<li data-start=\"1703\" data-end=\"1747\">\n<p data-start=\"1705\" data-end=\"1747\">Donn\u00e9es de g\u00e9olocalisation approximative<\/p>\n<\/li>\n<li data-start=\"1748\" data-end=\"1770\">\n<p data-start=\"1750\" data-end=\"1770\">Type de navigateur<\/p>\n<\/li>\n<li data-start=\"1771\" data-end=\"1789\">\n<p data-start=\"1773\" data-end=\"1789\">Pages visit\u00e9es<\/p>\n<\/li>\n<li data-start=\"1790\" data-end=\"1841\">\n<p data-start=\"1792\" data-end=\"1841\">Cookies de mesure d\u2019audience (Google Analytics 4)<\/p>\n<\/li>\n<\/ul>\n<hr data-start=\"1843\" data-end=\"1846\" \/>\n<h2 data-start=\"1848\" data-end=\"1877\">3. Finalit\u00e9s du traitement<\/h2>\n<p data-start=\"1879\" data-end=\"1911\">Vos donn\u00e9es sont trait\u00e9es pour :<\/p>\n<ul data-start=\"1913\" data-end=\"2353\">\n<li data-start=\"1913\" data-end=\"1971\">\n<p data-start=\"1915\" data-end=\"1971\">G\u00e9rer vos commandes, paiements, factures et livraisons<\/p>\n<\/li>\n<li data-start=\"1972\" data-end=\"2034\">\n<p data-start=\"1974\" data-end=\"2034\">Vous envoyer les confirmations de commande et les factures<\/p>\n<\/li>\n<li data-start=\"2035\" data-end=\"2091\">\n<p data-start=\"2037\" data-end=\"2091\">R\u00e9pondre \u00e0 vos demandes via le formulaire de contact<\/p>\n<\/li>\n<li data-start=\"2092\" data-end=\"2146\">\n<p data-start=\"2094\" data-end=\"2146\">G\u00e9rer la relation client et le service apr\u00e8s-vente<\/p>\n<\/li>\n<li data-start=\"2147\" data-end=\"2218\">\n<p data-start=\"2149\" data-end=\"2218\">Assurer le bon fonctionnement du site et am\u00e9liorer ses performances<\/p>\n<\/li>\n<li data-start=\"2219\" data-end=\"2271\">\n<p data-start=\"2221\" data-end=\"2271\">Produire des statistiques d\u2019audience anonymis\u00e9es<\/p>\n<\/li>\n<li data-start=\"2272\" data-end=\"2353\">\n<p data-start=\"2274\" data-end=\"2353\">Vous envoyer (avec votre consentement) des actualit\u00e9s ou offres promotionnelles<\/p>\n<\/li>\n<\/ul>\n<hr data-start=\"2355\" data-end=\"2358\" \/>\n<h2 data-start=\"2360\" data-end=\"2391\">4. Base l\u00e9gale du traitement<\/h2>\n<ul data-start=\"2393\" data-end=\"2662\">\n<li data-start=\"2393\" data-end=\"2453\">\n<p data-start=\"2395\" data-end=\"2453\"><strong data-start=\"2395\" data-end=\"2419\">Ex\u00e9cution du contrat<\/strong> : pour la gestion des commandes<\/p>\n<\/li>\n<li data-start=\"2454\" data-end=\"2529\">\n<p data-start=\"2456\" data-end=\"2529\"><strong data-start=\"2456\" data-end=\"2477\">Obligation l\u00e9gale<\/strong> : conservation des factures et donn\u00e9es comptables<\/p>\n<\/li>\n<li data-start=\"2530\" data-end=\"2603\">\n<p data-start=\"2532\" data-end=\"2603\"><strong data-start=\"2532\" data-end=\"2548\">Consentement<\/strong> : pour les formulaires, la newsletter et les cookies<\/p>\n<\/li>\n<li data-start=\"2604\" data-end=\"2662\">\n<p data-start=\"2606\" data-end=\"2662\"><strong data-start=\"2606\" data-end=\"2626\">Int\u00e9r\u00eat l\u00e9gitime<\/strong> : s\u00e9curit\u00e9, am\u00e9lioration du service<\/p>\n<\/li>\n<\/ul>\n<hr data-start=\"2664\" data-end=\"2667\" \/>\n<h2 data-start=\"2669\" data-end=\"2696\">5. Dur\u00e9e de conservation<\/h2>\n<div class=\"_tableContainer_16hzy_1\">\n<div class=\"_tableWrapper_16hzy_14 group flex w-fit flex-col-reverse\" tabindex=\"-1\">\n<table data-start=\"2698\" data-end=\"3221\" class=\"w-fit min-w-(--thread-content-width)\">\n<thead data-start=\"2698\" data-end=\"2771\">\n<tr data-start=\"2698\" data-end=\"2771\">\n<th data-start=\"2698\" data-end=\"2733\" data-col-size=\"sm\">Type de donn\u00e9e<\/th>\n<th data-start=\"2733\" data-end=\"2771\" data-col-size=\"sm\">Dur\u00e9e<\/th>\n<\/tr>\n<\/thead>\n<tbody data-start=\"2847\" data-end=\"3221\">\n<tr data-start=\"2847\" data-end=\"2921\">\n<td data-start=\"2847\" data-end=\"2882\" data-col-size=\"sm\">Commandes clients<\/td>\n<td data-col-size=\"sm\" data-start=\"2882\" data-end=\"2921\">5 ans (obligation comptable)<\/td>\n<\/tr>\n<tr data-start=\"2922\" data-end=\"2996\">\n<td data-start=\"2922\" data-end=\"2957\" data-col-size=\"sm\">Donn\u00e9es de facturation<\/td>\n<td data-col-size=\"sm\" data-start=\"2957\" data-end=\"2996\">10 ans (obligation fiscale)<\/td>\n<\/tr>\n<tr data-start=\"2997\" data-end=\"3071\">\n<td data-start=\"2997\" data-end=\"3032\" data-col-size=\"sm\">Formulaire de contact<\/td>\n<td data-col-size=\"sm\" data-start=\"3032\" data-end=\"3071\">12 mois<\/td>\n<\/tr>\n<tr data-start=\"3072\" data-end=\"3146\">\n<td data-start=\"3072\" data-end=\"3107\" data-col-size=\"sm\">Cookies de mesure d\u2019audience<\/td>\n<td data-col-size=\"sm\" data-start=\"3107\" data-end=\"3146\">14 mois<\/td>\n<\/tr>\n<tr data-start=\"3147\" data-end=\"3221\">\n<td data-start=\"3147\" data-end=\"3182\" data-col-size=\"sm\">Newsletter \/ communication<\/td>\n<td data-col-size=\"sm\" data-start=\"3182\" data-end=\"3221\">Jusqu\u2019au retrait du consentement<\/td>\n<\/tr>\n<\/tbody>\n<\/table>\n<\/div>\n<\/div>\n<hr data-start=\"3223\" data-end=\"3226\" \/>\n<h2 data-start=\"3228\" data-end=\"3259\">6. Destinataires des donn\u00e9es<\/h2>\n<p data-start=\"3261\" data-end=\"3307\">Les donn\u00e9es sont strictement accessibles par :<\/p>\n<ul data-start=\"3309\" data-end=\"3517\">\n<li data-start=\"3309\" data-end=\"3358\">\n<p data-start=\"3311\" data-end=\"3358\">GUINGUETTE PAYSANNE et ses employ\u00e9s autoris\u00e9s<\/p>\n<\/li>\n<li data-start=\"3359\" data-end=\"3421\">\n<p data-start=\"3361\" data-end=\"3421\">Les prestataires techniques (h\u00e9bergeur OVH, agence Komsea)<\/p>\n<\/li>\n<li data-start=\"3422\" data-end=\"3477\">\n<p data-start=\"3424\" data-end=\"3477\">Les prestataires de paiement (Stripe, PayPal, etc.)<\/p>\n<\/li>\n<li data-start=\"3478\" data-end=\"3517\">\n<p data-start=\"3480\" data-end=\"3517\">Les transporteurs en cas de livraison<\/p>\n<\/li>\n<\/ul>\n<p data-start=\"3519\" data-end=\"3660\">Aucun transfert de vos donn\u00e9es \u00e0 des tiers non autoris\u00e9s n\u2019est effectu\u00e9. Aucun transfert hors de l\u2019Union Europ\u00e9enne sans garanties ad\u00e9quates.<\/p>\n<hr data-start=\"3662\" data-end=\"3665\" \/>\n<h2 data-start=\"3667\" data-end=\"3693\">7. S\u00e9curit\u00e9 des donn\u00e9es<\/h2>\n<p data-start=\"3695\" data-end=\"3917\">Nous mettons en \u0153uvre des mesures de s\u00e9curit\u00e9 physiques, logicielles et organisationnelles pour garantir la confidentialit\u00e9 et l\u2019int\u00e9grit\u00e9 de vos donn\u00e9es (certificat SSL, protections anti-intrusion, acc\u00e8s restreint, etc.).<\/p>\n<hr data-start=\"3919\" data-end=\"3922\" \/>\n<h2 data-start=\"3924\" data-end=\"3940\">8. Vos droits<\/h2>\n<p data-start=\"3942\" data-end=\"3999\">Conform\u00e9ment au RGPD, vous disposez des droits suivants :<\/p>\n<ul data-start=\"4001\" data-end=\"4234\">\n<li data-start=\"4001\" data-end=\"4018\">\n<p data-start=\"4003\" data-end=\"4018\">Droit d\u2019acc\u00e8s<\/p>\n<\/li>\n<li data-start=\"4019\" data-end=\"4045\">\n<p data-start=\"4021\" data-end=\"4045\">Droit de rectification<\/p>\n<\/li>\n<li data-start=\"4046\" data-end=\"4092\">\n<p data-start=\"4048\" data-end=\"4092\">Droit \u00e0 l\u2019effacement (\u00ab droit \u00e0 l\u2019oubli \u00bb)<\/p>\n<\/li>\n<li data-start=\"4093\" data-end=\"4119\">\n<p data-start=\"4095\" data-end=\"4119\">Droit \u00e0 la portabilit\u00e9<\/p>\n<\/li>\n<li data-start=\"4120\" data-end=\"4159\">\n<p data-start=\"4122\" data-end=\"4159\">Droit \u00e0 la limitation du traitement<\/p>\n<\/li>\n<li data-start=\"4160\" data-end=\"4182\">\n<p data-start=\"4162\" data-end=\"4182\">Droit d\u2019opposition<\/p>\n<\/li>\n<li data-start=\"4183\" data-end=\"4234\">\n<p data-start=\"4185\" data-end=\"4234\">Droit de retirer votre consentement \u00e0 tout moment<\/p>\n<\/li>\n<\/ul>\n<p data-start=\"4236\" data-end=\"4350\"><strong data-start=\"4236\" data-end=\"4263\">Pour exercer vos droits<\/strong> :<br data-start=\"4265\" data-end=\"4268\" \/>\ud83d\udce7 <a data-start=\"4271\" data-end=\"4299\" class=\"cursor-pointer\" rel=\"noopener\">guinguettepaysanne@gmail.com<\/a><br data-start=\"4299\" data-end=\"4302\" \/>\ud83d\udceb 8 rue de la Moutonnerie, 85540 Curzon, France<\/p>\n<p data-start=\"4352\" data-end=\"4456\">En cas de non-r\u00e9ponse sous 30 jours, vous pouvez saisir la <strong data-start=\"4411\" data-end=\"4419\">CNIL<\/strong>\u00a0<\/p>\n<hr data-start=\"4458\" data-end=\"4461\" \/>\n<h2 data-start=\"4463\" data-end=\"4476\">9. Cookies<\/h2>\n<p data-start=\"4478\" data-end=\"4546\">Le site utilise des cookies techniques, fonctionnels et analytiques.<\/p>\n<ul data-start=\"4548\" data-end=\"4772\">\n<li data-start=\"4548\" data-end=\"4641\">\n<p data-start=\"4550\" data-end=\"4641\"><strong data-start=\"4550\" data-end=\"4572\">Cookies essentiels<\/strong> : n\u00e9cessaires au fonctionnement (ex : panier, session utilisateur)<\/p>\n<\/li>\n<li data-start=\"4642\" data-end=\"4717\">\n<p data-start=\"4644\" data-end=\"4717\"><strong data-start=\"4644\" data-end=\"4667\">Cookies analytiques<\/strong> : Google Analytics 4, anonymis\u00e9s, dur\u00e9e 14 mois<\/p>\n<\/li>\n<li data-start=\"4718\" data-end=\"4772\">\n<p data-start=\"4720\" data-end=\"4772\"><strong data-start=\"4720\" data-end=\"4759\">Cookies de pr\u00e9f\u00e9rences ou marketing<\/strong> (si activ\u00e9s)<\/p>\n<\/li>\n<\/ul>\n<p data-start=\"4774\" data-end=\"4860\">Un <strong data-start=\"4777\" data-end=\"4804\">bandeau de consentement<\/strong> s&rsquo;affiche \u00e0 votre premi\u00e8re visite pour g\u00e9rer vos choix.<\/p>\n<hr data-start=\"4862\" data-end=\"4865\" \/>\n<h2 data-start=\"4867\" data-end=\"4887\">10. Modifications<\/h2>\n<p data-start=\"4889\" data-end=\"5013\">Cette politique peut \u00eatre modifi\u00e9e \u00e0 tout moment. En cas de changement majeur, les utilisateurs seront inform\u00e9s via le site.<\/p>\n<p>[\/et_pb_text][\/et_pb_column][\/et_pb_row][\/et_pb_section]<\/p>\n","protected":false},"excerpt":{"rendered":"<p>Derni\u00e8re mise \u00e0 jour : 23 Mai 2025 La pr\u00e9sente politique de confidentialit\u00e9 vise \u00e0 vous informer de mani\u00e8re claire et transparente sur les donn\u00e9es personnelles que nous collectons via le site https:\/\/guinguettepaysanne.com, leur utilisation, leur dur\u00e9e de conservation et les droits dont vous disposez. 1. Identit\u00e9 du responsable de traitement Raison sociale : GUINGUETTE [&hellip;]<\/p>\n","protected":false},"author":1,"featured_media":0,"parent":0,"menu_order":0,"comment_status":"closed","ping_status":"closed","template":"","meta":{"_et_pb_use_builder":"on","_et_pb_old_content":"","_et_gb_content_width":"","footnotes":""},"class_list":["post-336","page","type-page","status-publish","hentry"],"yoast_head":"<!-- This site is optimized with the Yoast SEO plugin v27.4 - https:\/\/yoast.com\/product\/yoast-seo-wordpress\/ -->\n<title>Politique de confidentialit\u00e9 - Guinguette Paysanne<\/title>\n<meta name=\"robots\" content=\"index, follow, max-snippet:-1, max-image-preview:large, max-video-preview:-1\" \/>\n<link rel=\"canonical\" href=\"https:\/\/guinguettepaysanne.com\/index.php\/politique-de-confidentialite\/\" \/>\n<meta property=\"og:locale\" content=\"fr_FR\" \/>\n<meta property=\"og:type\" content=\"article\" \/>\n<meta property=\"og:title\" content=\"Politique de confidentialit\u00e9 - Guinguette Paysanne\" \/>\n<meta property=\"og:description\" content=\"Derni\u00e8re mise \u00e0 jour : 23 Mai 2025 La pr\u00e9sente politique de confidentialit\u00e9 vise \u00e0 vous informer de mani\u00e8re claire et transparente sur les donn\u00e9es personnelles que nous collectons via le site https:\/\/guinguettepaysanne.com, leur utilisation, leur dur\u00e9e de conservation et les droits dont vous disposez. 1. Identit\u00e9 du responsable de traitement Raison sociale : GUINGUETTE [&hellip;]\" \/>\n<meta property=\"og:url\" content=\"https:\/\/guinguettepaysanne.com\/index.php\/politique-de-confidentialite\/\" \/>\n<meta property=\"og:site_name\" content=\"Guinguette Paysanne\" \/>\n<meta property=\"article:modified_time\" content=\"2025-05-23T14:39:40+00:00\" \/>\n<meta name=\"twitter:card\" content=\"summary_large_image\" \/>\n<script type=\"application\/ld+json\" class=\"yoast-schema-graph\">{\"@context\":\"https:\\\/\\\/schema.org\",\"@graph\":[{\"@type\":\"WebPage\",\"@id\":\"https:\\\/\\\/guinguettepaysanne.com\\\/index.php\\\/politique-de-confidentialite\\\/\",\"url\":\"https:\\\/\\\/guinguettepaysanne.com\\\/index.php\\\/politique-de-confidentialite\\\/\",\"name\":\"Politique de confidentialit\u00e9 - Guinguette Paysanne\",\"isPartOf\":{\"@id\":\"https:\\\/\\\/guinguettepaysanne.com\\\/#website\"},\"datePublished\":\"2025-05-23T14:38:55+00:00\",\"dateModified\":\"2025-05-23T14:39:40+00:00\",\"breadcrumb\":{\"@id\":\"https:\\\/\\\/guinguettepaysanne.com\\\/index.php\\\/politique-de-confidentialite\\\/#breadcrumb\"},\"inLanguage\":\"fr-FR\",\"potentialAction\":[{\"@type\":\"ReadAction\",\"target\":[\"https:\\\/\\\/guinguettepaysanne.com\\\/index.php\\\/politique-de-confidentialite\\\/\"]}]},{\"@type\":\"BreadcrumbList\",\"@id\":\"https:\\\/\\\/guinguettepaysanne.com\\\/index.php\\\/politique-de-confidentialite\\\/#breadcrumb\",\"itemListElement\":[{\"@type\":\"ListItem\",\"position\":1,\"name\":\"Accueil\",\"item\":\"https:\\\/\\\/guinguettepaysanne.com\\\/\"},{\"@type\":\"ListItem\",\"position\":2,\"name\":\"Politique de confidentialit\u00e9\"}]},{\"@type\":\"WebSite\",\"@id\":\"https:\\\/\\\/guinguettepaysanne.com\\\/#website\",\"url\":\"https:\\\/\\\/guinguettepaysanne.com\\\/\",\"name\":\"Guinguette Paysanne\",\"description\":\"\",\"potentialAction\":[{\"@type\":\"SearchAction\",\"target\":{\"@type\":\"EntryPoint\",\"urlTemplate\":\"https:\\\/\\\/guinguettepaysanne.com\\\/?s={search_term_string}\"},\"query-input\":{\"@type\":\"PropertyValueSpecification\",\"valueRequired\":true,\"valueName\":\"search_term_string\"}}],\"inLanguage\":\"fr-FR\"}]}<\/script>\n<!-- \/ Yoast SEO plugin. -->","yoast_head_json":{"title":"Politique de confidentialit\u00e9 - Guinguette Paysanne","robots":{"index":"index","follow":"follow","max-snippet":"max-snippet:-1","max-image-preview":"max-image-preview:large","max-video-preview":"max-video-preview:-1"},"canonical":"https:\/\/guinguettepaysanne.com\/index.php\/politique-de-confidentialite\/","og_locale":"fr_FR","og_type":"article","og_title":"Politique de confidentialit\u00e9 - Guinguette Paysanne","og_description":"Derni\u00e8re mise \u00e0 jour : 23 Mai 2025 La pr\u00e9sente politique de confidentialit\u00e9 vise \u00e0 vous informer de mani\u00e8re claire et transparente sur les donn\u00e9es personnelles que nous collectons via le site https:\/\/guinguettepaysanne.com, leur utilisation, leur dur\u00e9e de conservation et les droits dont vous disposez. 1. Identit\u00e9 du responsable de traitement Raison sociale : GUINGUETTE [&hellip;]","og_url":"https:\/\/guinguettepaysanne.com\/index.php\/politique-de-confidentialite\/","og_site_name":"Guinguette Paysanne","article_modified_time":"2025-05-23T14:39:40+00:00","twitter_card":"summary_large_image","schema":{"@context":"https:\/\/schema.org","@graph":[{"@type":"WebPage","@id":"https:\/\/guinguettepaysanne.com\/index.php\/politique-de-confidentialite\/","url":"https:\/\/guinguettepaysanne.com\/index.php\/politique-de-confidentialite\/","name":"Politique de confidentialit\u00e9 - Guinguette Paysanne","isPartOf":{"@id":"https:\/\/guinguettepaysanne.com\/#website"},"datePublished":"2025-05-23T14:38:55+00:00","dateModified":"2025-05-23T14:39:40+00:00","breadcrumb":{"@id":"https:\/\/guinguettepaysanne.com\/index.php\/politique-de-confidentialite\/#breadcrumb"},"inLanguage":"fr-FR","potentialAction":[{"@type":"ReadAction","target":["https:\/\/guinguettepaysanne.com\/index.php\/politique-de-confidentialite\/"]}]},{"@type":"BreadcrumbList","@id":"https:\/\/guinguettepaysanne.com\/index.php\/politique-de-confidentialite\/#breadcrumb","itemListElement":[{"@type":"ListItem","position":1,"name":"Accueil","item":"https:\/\/guinguettepaysanne.com\/"},{"@type":"ListItem","position":2,"name":"Politique de confidentialit\u00e9"}]},{"@type":"WebSite","@id":"https:\/\/guinguettepaysanne.com\/#website","url":"https:\/\/guinguettepaysanne.com\/","name":"Guinguette Paysanne","description":"","potentialAction":[{"@type":"SearchAction","target":{"@type":"EntryPoint","urlTemplate":"https:\/\/guinguettepaysanne.com\/?s={search_term_string}"},"query-input":{"@type":"PropertyValueSpecification","valueRequired":true,"valueName":"search_term_string"}}],"inLanguage":"fr-FR"}]}},"jetpack_sharing_enabled":true,"_links":{"self":[{"href":"https:\/\/guinguettepaysanne.com\/index.php\/wp-json\/wp\/v2\/pages\/336","targetHints":{"allow":["GET"]}}],"collection":[{"href":"https:\/\/guinguettepaysanne.com\/index.php\/wp-json\/wp\/v2\/pages"}],"about":[{"href":"https:\/\/guinguettepaysanne.com\/index.php\/wp-json\/wp\/v2\/types\/page"}],"author":[{"embeddable":true,"href":"https:\/\/guinguettepaysanne.com\/index.php\/wp-json\/wp\/v2\/users\/1"}],"replies":[{"embeddable":true,"href":"https:\/\/guinguettepaysanne.com\/index.php\/wp-json\/wp\/v2\/comments?post=336"}],"version-history":[{"count":2,"href":"https:\/\/guinguettepaysanne.com\/index.php\/wp-json\/wp\/v2\/pages\/336\/revisions"}],"predecessor-version":[{"id":338,"href":"https:\/\/guinguettepaysanne.com\/index.php\/wp-json\/wp\/v2\/pages\/336\/revisions\/338"}],"wp:attachment":[{"href":"https:\/\/guinguettepaysanne.com\/index.php\/wp-json\/wp\/v2\/media?parent=336"}],"curies":[{"name":"wp","href":"https:\/\/api.w.org\/{rel}","templated":true}]}}